{"id":30774,"date":"2023-05-29T18:29:55","date_gmt":"2023-05-29T16:29:55","guid":{"rendered":"https:\/\/liveyacht.fr\/domande-frequenti-2\/"},"modified":"2023-05-29T22:32:57","modified_gmt":"2023-05-29T20:32:57","slug":"domande-frequenti-2","status":"publish","type":"page","link":"https:\/\/liveyacht.fr\/it\/domande-frequenti-2\/","title":{"rendered":"Domande frequenti"},"content":{"rendered":"<h2>DOMANDE TECNICHE<\/h2>\n<h3>&#8211; Quanto dura la pulizia e la protezione del tuo impianto?<\/h3>\n<p>Dalla nostra esperienza, il gelcoat pulito con il suo strato protettivo dovrebbe rimanere pulito e lucido per almeno 2 stagioni e spesso anche di pi\u00f9, soprattutto se la barca viene lavata regolarmente. L&#8217;applicazione di una cera tradizionale dura dai 3 ai 4 mesi e sullo scafo dai 4 ai 6 mesi, a seconda delle condizioni atmosferiche<\/p>\n<h3>\u2013 Ci sono vesciche che sono comparse sullo scafo della mia barca che cos&#8217;\u00e8?<\/h3>\n<p>Le bolle sullo scafo sono causate dall&#8217;acqua assorbita attraverso il gelcoat che \u00e8 entrata nella vetroresina. Si chiama osmosi.<\/p>\n<h3>&#8211; L&#8217;osmosi pu\u00f2 essere prevenuta?<\/h3>\n<p>Sono disponibili diversi sistemi di protezione epossidica che possono essere applicati allo scafo per prevenire questo fenomeno. I prodotti epossidici sono molto pi\u00f9 resistenti di quelli in poliestere eppure presenti su tutte le barche alla costruzione. La nostra esperienza dimostra che un trattamento epossidico applicato a un guscio asciutto e privo di bolle \u00e8 garantito quasi a vita contro l&#8217;osmosi.<\/p>\n<h3>&#8211; Cosa posso fare se la mia barca mostra segni di osmosi?<\/h3>\n<p>Esistono due modi per trattare l&#8217;osmosi, il primo \u00e8 rimuovere completamente il gelcoat per esporre la fibra di vetro all&#8217;aria per l&#8217;asciugatura e quindi applicare una protezione epossidica per evitare che si riavvii. futuro.L&#8217;altro metodo \u00e8 semplicemente carteggiare lo scafo e poi passare almeno 5 strati di resina epossidica. Questo non eliminer\u00e0 le bolle ma impedir\u00e0 all&#8217;osmosi di progredire. Il secondo metodo si \u00e8 rivelato efficace in termini di costi ma anche di efficienza.<\/p>\n<h3>&#8211; Cos&#8217;\u00e8 il gelcoat? quali sono i vantaggi e gli svantaggi?<\/h3>\n<p>Il gelcoat \u00e8 una resina poliestere composta da pigmenti per dargli un colore (solitamente pigmenti bianchi). La maggior parte delle barche ha una finitura in gelcoat all&#8217;esterno, la maggior parte delle persone pensa che sia una vernice.La funzione del gelcoat \u00e8 quella di proteggere la vetroresina dalle aggressioni esterne. Il pi\u00f9 grande vantaggio del gelcoat rispetto alla vernice \u00e8 che se la superficie \u00e8 graffiata pu\u00f2 essere carteggiata e quindi rinnovata quando non \u00e8 possibile con la vernice.Un altro vantaggio del gelcoat deriva dalla sua durezza, infatti sopporta molto meglio l&#8217;abrasione dei parabordi, lo sfregamento delle banchine ecc&#8230; Lo svantaggio del gelcoat \u00e8 che \u00e8 pi\u00f9 sensibile ai raggi UV e quindi si appanna pi\u00f9 facilmente rispetto al una vernice bicomponente uretanica di qualit\u00e0.<\/p>\n<h3>&#8211; Di che colore \u00e8 consigliato per una barca?<\/h3>\n<p>La prima cosa che chiediamo quando veniamo contattati per una riparazione \u00e8 &#8220;di che colore \u00e8&#8221;? Infatti per una barca nei toni del bianco, \u00e8 pi\u00f9 facile trovare il colore corrispondente per la riparazione, il che significa un costo inferiore.Inoltre, i colori scuri tendono a scaldarsi al sole. Questo calore pu\u00f2 bruciare la resina all&#8217;interno della fibra di vetro, causando potenzialmente crepe e bolle.I colori tendono anche ad appannarsi pi\u00f9 velocemente dei toni bianchi.- Come posso pulire il fondo della mia barca, intendo la parte sott&#8217;acqua?<\/p>\n<p>Quando la tua barca \u00e8 fuori dall&#8217;acqua in cantiere, noi o il personale del cantiere utilizzeremo un&#8217;apposita idropulitrice (molto lontana da quella sul retro del garage per pulire l&#8217;auto) per rimuovere sporco, alghe e molluschi dalla scafo, timoni, elica e altre appendici. Occorre utilizzare anche una spatola per completare la pulizia nei punti dove l&#8217;idropulitrice non potrebbe passare.<\/p>\n<h2 style=\"text-align: center;\">DOMANDE SUI NOSTRI SERVIZI<\/h2>\n<h3 style=\"text-align: left;\">&#8211; Puoi venire a vedere la mia barca al porto per farmi un preventivo?<\/h3>\n<p style=\"text-align: left;\">S\u00ec, possiamo fissare un appuntamento per valutare le vostre esigenze e poi fornirvi un preventivo accurato e garantito per iscritto. In alcuni casi, per lavori semplici come la pulizia, possiamo fornire un preventivo in base alla nostra esperienza sullo stesso tipo di imbarcazione senza prima visionarla.<\/p>\n<h3 style=\"text-align: left;\">&#8211; Puoi portare la mia barca fuori dall&#8217;acqua?<\/h3>\n<p style=\"text-align: left;\">Non lo facciamo noi ma abbiamo partnership con la maggior parte dei cantieri della Costa Azzurra, sceglieremo quello pi\u00f9 vicino alla tua barca.<\/p>\n<h3 style=\"text-align: left;\">&#8211; Offrite i vostri servizi tutto l&#8217;anno?<\/h3>\n<p style=\"text-align: left;\">S\u00ec, siamo disponibili tutto l&#8217;anno. Proponiamo diverse formule di manutenzione durante tutto l&#8217;anno per preparare la stagione (servizio motore, verniciatura del fondo, lucidatura) o l&#8217;inverno (visite di ispezione, invernaggio della barca e del motore).<\/p>\n<h3 style=\"text-align: left;\">&#8211; Quando dici &#8220;pulizie esterne&#8221; \u00e8 per risciacquare la barca?<\/h3>\n<p style=\"text-align: left;\">Sebbene sia possibile impostare una formula che preveda solo un risciacquo della barca con uscita in mare, la pulizia esterna prevede le seguenti operazioni: 1\u00b0 risciacquo della barca, saponatura con prodotto idoneo (vetri, gelcoat, acciaio inox, anti- ponti scivolosi) e poi asciugatura manuale con camoscio e microfibra.<\/p>\n","protected":false},"excerpt":{"rendered":"<p>DOMANDE TECNICHE &#8211; Quanto dura la pulizia e la protezione del tuo impianto? Dalla nostra esperienza, il gelcoat pulito con il suo strato protettivo dovrebbe rimanere pulito e lucido per almeno 2 stagioni e spesso anche di pi\u00f9, soprattutto se la barca viene lavata regolarmente. L&#8217;applicazione di una cera tradizionale dura dai 3 ai 4 [&hellip;]<\/p>\n","protected":false},"author":1,"featured_media":0,"parent":0,"menu_order":0,"comment_status":"closed","ping_status":"closed","template":"","meta":{"footnotes":""},"class_list":["post-30774","page","type-page","status-publish","hentry"],"yoast_head":"<!-- This site is optimized with the Yoast SEO plugin v27.1.1 - https:\/\/yoast.com\/product\/yoast-seo-wordpress\/ -->\n<title>Domande frequenti - LiveYacht<\/title>\n<meta name=\"robots\" content=\"index, follow, max-snippet:-1, max-image-preview:large, max-video-preview:-1\" \/>\n<link rel=\"canonical\" href=\"https:\/\/liveyacht.fr\/it\/domande-frequenti-2\/\" \/>\n<meta property=\"og:locale\" content=\"it_IT\" \/>\n<meta property=\"og:type\" content=\"article\" \/>\n<meta property=\"og:title\" content=\"Domande frequenti - LiveYacht\" \/>\n<meta property=\"og:description\" content=\"DOMANDE TECNICHE &#8211; Quanto dura la pulizia e la protezione del tuo impianto? Dalla nostra esperienza, il gelcoat pulito con il suo strato protettivo dovrebbe rimanere pulito e lucido per almeno 2 stagioni e spesso anche di pi\u00f9, soprattutto se la barca viene lavata regolarmente. L&#8217;applicazione di una cera tradizionale dura dai 3 ai 4 [&hellip;]\" \/>\n<meta property=\"og:url\" content=\"https:\/\/liveyacht.fr\/it\/domande-frequenti-2\/\" \/>\n<meta property=\"og:site_name\" content=\"LiveYacht\" \/>\n<meta property=\"article:modified_time\" content=\"2023-05-29T20:32:57+00:00\" \/>\n<meta name=\"twitter:card\" content=\"summary_large_image\" \/>\n<meta name=\"twitter:label1\" content=\"Est. reading time\" \/>\n\t<meta name=\"twitter:data1\" content=\"4 minutes\" \/>\n<script type=\"application\/ld+json\" class=\"yoast-schema-graph\">{\"@context\":\"https:\/\/schema.org\",\"@graph\":[{\"@type\":\"WebPage\",\"@id\":\"https:\/\/liveyacht.fr\/it\/domande-frequenti-2\/\",\"url\":\"https:\/\/liveyacht.fr\/it\/domande-frequenti-2\/\",\"name\":\"Domande frequenti - LiveYacht\",\"isPartOf\":{\"@id\":\"https:\/\/liveyacht.fr\/it\/#website\"},\"datePublished\":\"2023-05-29T16:29:55+00:00\",\"dateModified\":\"2023-05-29T20:32:57+00:00\",\"breadcrumb\":{\"@id\":\"https:\/\/liveyacht.fr\/it\/domande-frequenti-2\/#breadcrumb\"},\"inLanguage\":\"it-IT\",\"potentialAction\":[{\"@type\":\"ReadAction\",\"target\":[\"https:\/\/liveyacht.fr\/it\/domande-frequenti-2\/\"]}]},{\"@type\":\"BreadcrumbList\",\"@id\":\"https:\/\/liveyacht.fr\/it\/domande-frequenti-2\/#breadcrumb\",\"itemListElement\":[{\"@type\":\"ListItem\",\"position\":1,\"name\":\"Accueil\",\"item\":\"https:\/\/liveyacht.fr\/it\/\"},{\"@type\":\"ListItem\",\"position\":2,\"name\":\"Domande frequenti\"}]},{\"@type\":\"WebSite\",\"@id\":\"https:\/\/liveyacht.fr\/it\/#website\",\"url\":\"https:\/\/liveyacht.fr\/it\/\",\"name\":\"LiveYacht\",\"description\":\"L&#039;entretien de bateau par abonnement\",\"publisher\":{\"@id\":\"https:\/\/liveyacht.fr\/it\/#organization\"},\"potentialAction\":[{\"@type\":\"SearchAction\",\"target\":{\"@type\":\"EntryPoint\",\"urlTemplate\":\"https:\/\/liveyacht.fr\/it\/?s={search_term_string}\"},\"query-input\":{\"@type\":\"PropertyValueSpecification\",\"valueRequired\":true,\"valueName\":\"search_term_string\"}}],\"inLanguage\":\"it-IT\"},{\"@type\":\"Organization\",\"@id\":\"https:\/\/liveyacht.fr\/it\/#organization\",\"name\":\"LiveYacht\",\"url\":\"https:\/\/liveyacht.fr\/it\/\",\"logo\":{\"@type\":\"ImageObject\",\"inLanguage\":\"it-IT\",\"@id\":\"https:\/\/liveyacht.fr\/it\/#\/schema\/logo\/image\/\",\"url\":\"https:\/\/liveyacht.fr\/wp-content\/uploads\/2025\/02\/LIVEYACHT-LOGO-COULEUR2.png\",\"contentUrl\":\"https:\/\/liveyacht.fr\/wp-content\/uploads\/2025\/02\/LIVEYACHT-LOGO-COULEUR2.png\",\"width\":1500,\"height\":1362,\"caption\":\"LiveYacht\"},\"image\":{\"@id\":\"https:\/\/liveyacht.fr\/it\/#\/schema\/logo\/image\/\"}}]}<\/script>\n<!-- \/ Yoast SEO plugin. -->","yoast_head_json":{"title":"Domande frequenti - LiveYacht","robots":{"index":"index","follow":"follow","max-snippet":"max-snippet:-1","max-image-preview":"max-image-preview:large","max-video-preview":"max-video-preview:-1"},"canonical":"https:\/\/liveyacht.fr\/it\/domande-frequenti-2\/","og_locale":"it_IT","og_type":"article","og_title":"Domande frequenti - LiveYacht","og_description":"DOMANDE TECNICHE &#8211; Quanto dura la pulizia e la protezione del tuo impianto? Dalla nostra esperienza, il gelcoat pulito con il suo strato protettivo dovrebbe rimanere pulito e lucido per almeno 2 stagioni e spesso anche di pi\u00f9, soprattutto se la barca viene lavata regolarmente. L&#8217;applicazione di una cera tradizionale dura dai 3 ai 4 [&hellip;]","og_url":"https:\/\/liveyacht.fr\/it\/domande-frequenti-2\/","og_site_name":"LiveYacht","article_modified_time":"2023-05-29T20:32:57+00:00","twitter_card":"summary_large_image","twitter_misc":{"Est. reading time":"4 minutes"},"schema":{"@context":"https:\/\/schema.org","@graph":[{"@type":"WebPage","@id":"https:\/\/liveyacht.fr\/it\/domande-frequenti-2\/","url":"https:\/\/liveyacht.fr\/it\/domande-frequenti-2\/","name":"Domande frequenti - LiveYacht","isPartOf":{"@id":"https:\/\/liveyacht.fr\/it\/#website"},"datePublished":"2023-05-29T16:29:55+00:00","dateModified":"2023-05-29T20:32:57+00:00","breadcrumb":{"@id":"https:\/\/liveyacht.fr\/it\/domande-frequenti-2\/#breadcrumb"},"inLanguage":"it-IT","potentialAction":[{"@type":"ReadAction","target":["https:\/\/liveyacht.fr\/it\/domande-frequenti-2\/"]}]},{"@type":"BreadcrumbList","@id":"https:\/\/liveyacht.fr\/it\/domande-frequenti-2\/#breadcrumb","itemListElement":[{"@type":"ListItem","position":1,"name":"Accueil","item":"https:\/\/liveyacht.fr\/it\/"},{"@type":"ListItem","position":2,"name":"Domande frequenti"}]},{"@type":"WebSite","@id":"https:\/\/liveyacht.fr\/it\/#website","url":"https:\/\/liveyacht.fr\/it\/","name":"LiveYacht","description":"L&#039;entretien de bateau par abonnement","publisher":{"@id":"https:\/\/liveyacht.fr\/it\/#organization"},"potentialAction":[{"@type":"SearchAction","target":{"@type":"EntryPoint","urlTemplate":"https:\/\/liveyacht.fr\/it\/?s={search_term_string}"},"query-input":{"@type":"PropertyValueSpecification","valueRequired":true,"valueName":"search_term_string"}}],"inLanguage":"it-IT"},{"@type":"Organization","@id":"https:\/\/liveyacht.fr\/it\/#organization","name":"LiveYacht","url":"https:\/\/liveyacht.fr\/it\/","logo":{"@type":"ImageObject","inLanguage":"it-IT","@id":"https:\/\/liveyacht.fr\/it\/#\/schema\/logo\/image\/","url":"https:\/\/liveyacht.fr\/wp-content\/uploads\/2025\/02\/LIVEYACHT-LOGO-COULEUR2.png","contentUrl":"https:\/\/liveyacht.fr\/wp-content\/uploads\/2025\/02\/LIVEYACHT-LOGO-COULEUR2.png","width":1500,"height":1362,"caption":"LiveYacht"},"image":{"@id":"https:\/\/liveyacht.fr\/it\/#\/schema\/logo\/image\/"}}]}},"_links":{"self":[{"href":"https:\/\/liveyacht.fr\/it\/wp-json\/wp\/v2\/pages\/30774","targetHints":{"allow":["GET"]}}],"collection":[{"href":"https:\/\/liveyacht.fr\/it\/wp-json\/wp\/v2\/pages"}],"about":[{"href":"https:\/\/liveyacht.fr\/it\/wp-json\/wp\/v2\/types\/page"}],"author":[{"embeddable":true,"href":"https:\/\/liveyacht.fr\/it\/wp-json\/wp\/v2\/users\/1"}],"replies":[{"embeddable":true,"href":"https:\/\/liveyacht.fr\/it\/wp-json\/wp\/v2\/comments?post=30774"}],"version-history":[{"count":2,"href":"https:\/\/liveyacht.fr\/it\/wp-json\/wp\/v2\/pages\/30774\/revisions"}],"predecessor-version":[{"id":30776,"href":"https:\/\/liveyacht.fr\/it\/wp-json\/wp\/v2\/pages\/30774\/revisions\/30776"}],"wp:attachment":[{"href":"https:\/\/liveyacht.fr\/it\/wp-json\/wp\/v2\/media?parent=30774"}],"curies":[{"name":"wp","href":"https:\/\/api.w.org\/{rel}","templated":true}]}}