{"id":29706,"date":"2022-10-29T23:57:11","date_gmt":"2022-10-29T21:57:11","guid":{"rendered":"https:\/\/liveyacht.fr\/liveyacht-manutenzione-della-barca-in-abbonamento\/"},"modified":"2024-05-05T07:17:31","modified_gmt":"2024-05-05T05:17:31","slug":"liveyacht-manutenzione-della-barca-in-abbonamento","status":"publish","type":"page","link":"https:\/\/liveyacht.fr\/it\/","title":{"rendered":"LiveYacht, Manutenzione della barca in abbonamento"},"content":{"rendered":"<h1>Iscriviti a Tranquillit\u00e0<\/h1>\n<p>Forniamo<strong> servizi affidabili<\/strong> ai proprietari di barche <strong>attenti<\/strong>.Offriamo piani di manutenzione tramite un sistema di abbonamento per aiutarti a goderti davvero la tua barca e non preoccuparti dei problemi di manutenzione<\/p>\n<p><span><a href=\"https:\/\/masteryachtservices.fr\/mys-dans-la-presse\" target=\"_blank\" rel=\"noopener\"><img decoding=\"async\" alt=\"\" data-id=\"3452\" width=\"120\" data-init-width=\"340\" height=\"52\" data-init-height=\"148\" title=\"la tribune\" src=\"https:\/\/masteryachtservices.fr\/wp-content\/uploads\/2022\/02\/te\u0301le\u0301chargement.png\" data-width=\"120\" data-height=\"52\" style=\"\" data-link-wrap=\"true\" loading=\"lazy\"><\/a><\/span><span style=\"\"><a href=\"http:\/\/ https:\/\/masteryachtservices.fr\/mys-dans-la-presse\" target=\"_blank\" rel=\"noopener\"><img decoding=\"async\" alt=\"\" data-id=\"3450\" width=\"134\" data-init-width=\"1200\" height=\"51\" data-init-height=\"457\" title=\"Voiles et voiliers\" src=\"https:\/\/masteryachtservices.fr\/wp-content\/uploads\/2022\/02\/1200px-Logo_Voiles_et_Voiliers.svg_.png\" data-width=\"134\" data-height=\"51\" mt-d=\"-2.0080000000000098\" style=\"\" ml-d=\"0\" data-link-wrap=\"true\" loading=\"lazy\"><\/a><\/span><span style=\"\"><a href=\"https:\/\/masteryachtservices.fr\/mys-dans-la-presse\" target=\"_blank\" rel=\"noopener\"><img decoding=\"async\" alt=\"\" data-id=\"3446\" width=\"154\" data-init-width=\"1304\" height=\"83\" data-init-height=\"701\" title=\"nice-matin\" src=\"https:\/\/masteryachtservices.fr\/wp-content\/uploads\/2022\/02\/Logo-nice-matin.png\" data-width=\"154\" data-height=\"83\" mt-d=\"-1.0079999999999814\" style=\"\" data-link-wrap=\"true\" loading=\"lazy\"><\/a><\/span><span><a href=\"https:\/\/masteryachtservices.fr\/mys-dans-la-presse\" target=\"_blank\" rel=\"noopener\"><img decoding=\"async\" alt=\"\" data-id=\"3513\" width=\"151\" data-init-width=\"544\" height=\"50\" data-init-height=\"180\" title=\"Entreprendre quotidien\" src=\"https:\/\/masteryachtservices.fr\/wp-content\/uploads\/2022\/06\/Logo-Entreprendre-Quotidien-2-Retina.png\" data-width=\"151\" data-height=\"50\" style=\"\" data-link-wrap=\"true\" loading=\"lazy\"><\/a><\/span><span><a href=\"https:\/\/masteryachtservices.fr\/mys-dans-la-presse\" target=\"_blank\" rel=\"noopener\"><img decoding=\"async\" alt=\"\" data-id=\"3486\" width=\"151\" data-init-width=\"600\" height=\"79\" data-init-height=\"315\" title=\"Multicoques mag\" src=\"https:\/\/masteryachtservices.fr\/wp-content\/uploads\/2022\/04\/Multicoques-mag-1-LLOGO.jpeg\" data-width=\"151\" data-height=\"79\" style=\"\" data-link-wrap=\"true\" loading=\"lazy\"><\/a><\/span><span style=\"\"><a href=\"https:\/\/masteryachtservices.fr\/mys-dans-la-presse\" target=\"_blank\" rel=\"noopener\"><img decoding=\"async\" alt=\"France 3\" data-id=\"3447\" width=\"158\" data-init-width=\"1000\" height=\"158\" data-init-height=\"1000\" title=\"France 3\" src=\"https:\/\/masteryachtservices.fr\/wp-content\/uploads\/2022\/02\/Logo-France-3_0.jpeg\" data-width=\"158\" data-height=\"158\" mt-d=\"-40\" style=\"\" data-link-wrap=\"true\" center-v-d=\"true\" loading=\"lazy\"><\/a><\/span><span><a href=\"https:\/\/masteryachtservices.fr\/mys-dans-la-presse\" target=\"_blank\" rel=\"noopener\"><img decoding=\"async\" alt=\"\" data-id=\"3455\" width=\"62\" data-init-width=\"1500\" height=\"62\" data-init-height=\"1500\" title=\"france bleu azur\" src=\"https:\/\/masteryachtservices.fr\/wp-content\/uploads\/2022\/02\/logo_francebleu_azur.jpeg\" data-width=\"62\" data-height=\"62\" style=\"\" data-link-wrap=\"true\" loading=\"lazy\"><\/a><\/span><\/p>\n<p><a data-tcb_hover_state_parent=\"\" href=\"#tve-jump-1704356f4a7\" jump-animation=\"smooth\" style=\"outline: none;\">COSA FACCIAMO?<\/a><\/p>\n<p><a data-tcb_hover_state_parent=\"\" href=\"#tve-jump-1704475b081\" jump-animation=\"smooth\" style=\"outline: none;\">PERCH\u00c9?<\/a><\/p>\n<p><a data-tcb_hover_state_parent=\"\" href=\"#tve-jump-1704445e22a\" jump-animation=\"smooth\" style=\"outline: none;\">TESTIMONIANZE<\/a><\/p>\n<p><a data-tcb_hover_state_parent=\"\" href=\"#tve-jump-17043a5d376\" jump-animation=\"smooth\" style=\"outline: none;\">ABBONAMENTI<\/a><\/p>\n<p><a data-tcb_hover_state_parent=\"\" href=\"https:\/\/liveyacht.fr\/it\/?tve=true&amp;tcbf=6410be022c#tve-jump-1704356f4a7\" jump-animation=\"smooth\" style=\"outline: none;\">COSA FACCIAMO?<\/a><\/p>\n<h2>La tua barca sempre pronta a partire, tutto l&#8217;anno, senza pensieri<\/h2>\n<p style=\"\">Ti aiutiamo a ottenere il massimo dalla tua barca. Ti evitiamo di arrivare in barca con la tua famiglia per scoprire che il motore non parte, rovinandoti la giornata!<strong>Come ?<\/strong>Grazie alle nostre formule di abbonamento!Personalizzate in base alle tue esigenze, pianifichiamo visite a bordo con una serie di controlli tecnici e pulizia oltre alla manutenzione annuale : carenatura, lucidatura ecc&#8230; tutto \u00e8 pianificato in anticipo con un budget mensile.<\/p>\n<p style=\"\"><strong>Vai in barca, esci in mare senza preoccuparti di niente!<\/strong><\/p>\n<h4>Verifiche tecniche programmate<\/h4>\n<p>La tua barca viene regolarmente controllata attentamente per garantire che <strong>tutto sia a posto<\/strong> : sentine, motore, ormeggio e altro (chiedi la nostra lista di controllo)<\/p>\n<h4>Pulizia e preparazione<\/h4>\n<p>Che si tratti di una pulizia rapida o pi\u00f9 accurata, utilizziamo<strong> i migliori prodotti marini ecologici<\/strong> e il nostro team di ex membri dell&#8217;equipaggio di yacht per una barca pulita da showroom.<\/p>\n<h4>Abbonamento mensile<\/h4>\n<p>Il nostro abbonamento mensile ti permetter\u00e0 di risparmiare denaro, ripartire i costi di manutenzione invece di dover pagare tutto in una volta quando arriva la stagione.<\/p>\n<p>PERCH\u00c9 LO FACCIAMO?<\/p>\n<h2>Comprendiamo<\/h2>\n<p>Avere una barca \u00e8 una grande opportunit\u00e0 per trascorrere del tempo con amici e familiari&#8230; Ma &#8230;\u00c8 anche preoccupante lasciare la barca incustodita per molto tempo perch\u00e9 abitiamo lontano&#8230;Sarebbe bello avere qualcuno a portata di mano per controllare la barca, tenerla pulita ed essere avvisato se qualcosa non va.In questo modo, non avremmo dovuto perdere tempo a sistemare le cose al nostro arrivo!<\/p>\n<h2>Concierge nautico privato riservato agli abbonati<\/h2>\n<ul>\n<li><span>Consegna a bordo<\/span><\/li>\n<li><span>Coaching: Come usare la barca, mantenerla<\/span><\/li>\n<li><span>Lavanderia<\/span><\/li>\n<li><span>Movimento della barca<\/span><\/li>\n<li><span>&#8230;e altro ancora<\/span><\/li>\n<\/ul>\n<p>TESTIMONIANZE<\/p>\n<h2 style=\"text-align: center;\">Cosa dicono i proprietari di barche come te<\/h2>\n<p>__CONFIG_tvo_shortcode__{&#8220;template&#8221;:&#8221;slider\/set20-template-slider&#8221;,&#8221;tags&#8221;:[&#8220;70&#8243;,&#8221;72&#8243;,&#8221;73&#8243;,&#8221;74&#8243;,&#8221;71&#8243;],&#8221;name&#8221;:&#8221;temoign&#8221;,&#8221;show_title&#8221;:&#8221;1&#8243;,&#8221;show_role&#8221;:&#8221;1&#8243;,&#8221;show_site&#8221;:&#8221;1&#8243;,&#8221;type&#8221;:&#8221;display&#8221;,&#8221;max_testimonials&#8221;:&#8221;100&#8243;,&#8221;id&#8221;:&#8221;8978&#8243;,&#8221;custom_css&#8221;:{&#8220;.tvo-apply-background&#8221;:&#8221;tve-u-173700ef590&#8243;}}__CONFIG_tvo_shortcode__<\/p>\n<p style=\"text-align: center;\">ESEMPI DI ABBONAMENTOPER UN Sea Ray 210<\/p>\n<p><a href=\"#\"><span><span>Instance 1<\/span><\/span><\/a>      <\/p>\n<h5><strong>Di base<\/strong><\/h5>\n<p><em>Semplice, efficiente, un tecnico controlla la tua barca<\/em><\/p>\n<p>Da<\/p>\n<p>60<span style=\"font-size: 30px;\">\u20ac<\/span><\/p>\n<p>Al mese<\/p>\n<ul>\n<li>      <span>Scatola elettronica per il monitoraggio remoto dell&#8217;imbarcazione 24 ore su 24, 7 giorni su 7 inclusa<\/span> <\/li>\n<li>      <span>6 visite di controllo tecnico all&#8217;anno<\/span> <\/li>\n<li>      <span>Programma di manutenzione<\/span> <\/li>\n<\/ul>\n<p style=\"text-align: center;\">Populaire<\/p>\n<h5>PREMIUM<\/h5>\n<p><em><em>La tua barca come uscita dalla concessionaria, in ogni momento.Il preferito dei nostri clienti<\/em><\/em><\/p>\n<p>Da<\/p>\n<p>179<span style=\"font-size: 30px;\">\u20ac<\/span><\/p>\n<p>Al mese<\/p>\n<ul>\n<li>      <span>12 visite di controllo tecnico<\/span> <\/li>\n<li>  <span>Scatola elettronica per il monitoraggio remoto dell&#8217;imbarcazione 24 ore su 24, 7 giorni su 7 inclusa<\/span><\/li>\n<li>      <span>Programma di manutenzione<\/span> <\/li>\n<li>      <span>1 pulizia esterna \/ mese<\/span> <\/li>\n<li>      <span>1 lucidatura barca\/anno<\/span> <\/li>\n<li>  <span>1 carenatura (antivegetativa)\/anno<\/span><\/li>\n<\/ul>\n<h5><strong>Lavaggio<\/strong><\/h5>\n<p><em>La tua barca \u00e8 sempre pulita e pronta a partire<\/em><\/p>\n<p>Da<\/p>\n<p>99<span style=\"font-size: 30px;\">\u20ac<\/span><\/p>\n<p>Al mese<\/p>\n<ul>\n<li>      <span>12 visite di controllo tecnico<\/span> <\/li>\n<li>  <span>12 visita di controllo tecnico<\/span><\/li>\n<li>      <span>Scatola elettronica per il monitoraggio remoto dell&#8217;imbarcazione 24 ore su 24, 7 giorni su 7 inclusa<\/span> <\/li>\n<li>      <span>Programma di manutenzione<\/span> <\/li>\n<\/ul>\n<p style=\"text-align: center;\">Questi sono solo esempi, offriamo pacchetti personalizzati per soddisfare le tue esigenze!Per ottenere la tua offerta personalizzata, fai clic sul pulsante in basso<\/p>\n<p><a href=\"#\"><span><span>Instance 1<\/span><\/span><\/a><a href=\"https:\/\/liveyacht.fr\/it\/come-scegliere-unimpresa-di-pulizia-di-barche-affidabile-ed-efficiente\/\" dynamic-postlink=\"tcb_post_the_permalink\" data-shortcode-id=\"3608\"><\/a><\/p>\n<h2><span data-shortcode=\"tcb_post_title\" data-shortcode-name=\"Post title\" data-extra_key=\"\" data-attr-link=\"1\" data-attr-target=\"0\" data-attr-rel=\"0\" data-option-inline=\"1\" data-attr-static-link=\"{&quot;className&quot;:&quot;&quot;,&quot;href&quot;:&quot;https:\/\/liveyacht.fr\/it\/come-scegliere-unimpresa-di-pulizia-di-barche-affidabile-ed-efficiente\/&quot;,&quot;title&quot;:&quot;Come scegliere un\u2019impresa di pulizia di barche affidabile ed efficiente&quot;,&quot;class&quot;:&quot;&quot;}\" data-attr-css=\"\"><a href=\"https:\/\/liveyacht.fr\/it\/come-scegliere-unimpresa-di-pulizia-di-barche-affidabile-ed-efficiente\/\" title=\"Come scegliere un\u2019impresa di pulizia di barche affidabile ed efficiente\" data-css=\"\">Come scegliere un\u2019impresa di pulizia di barche affidabile ed efficiente<\/a><\/span><\/h2>\n<p><a href=\"https:\/\/liveyacht.fr\/it\/come-far-revisionare-la-propria-barca-ad-antibes\/\" dynamic-postlink=\"tcb_post_the_permalink\" data-shortcode-id=\"3608\"><\/a><\/p>\n<h2><span data-shortcode=\"tcb_post_title\" data-shortcode-name=\"Post title\" data-extra_key=\"\" data-attr-link=\"1\" data-attr-target=\"0\" data-attr-rel=\"0\" data-option-inline=\"1\" data-attr-static-link=\"{&quot;className&quot;:&quot;&quot;,&quot;href&quot;:&quot;https:\/\/liveyacht.fr\/it\/come-scegliere-unimpresa-di-pulizia-di-barche-affidabile-ed-efficiente\/&quot;,&quot;title&quot;:&quot;Come scegliere un\u2019impresa di pulizia di barche affidabile ed efficiente&quot;,&quot;class&quot;:&quot;&quot;}\" data-attr-css=\"\"><a href=\"https:\/\/liveyacht.fr\/it\/come-far-revisionare-la-propria-barca-ad-antibes\/\" title=\"Come far revisionare la propria barca ad Antibes\" data-css=\"\">Come far revisionare la propria barca ad Antibes<\/a><\/span><\/h2>\n<p><a href=\"https:\/\/liveyacht.fr\/it\/come-far-revisionare-la-propria-barca-a-cannes\/\" dynamic-postlink=\"tcb_post_the_permalink\" data-shortcode-id=\"3608\"><\/a><\/p>\n<h2><span data-shortcode=\"tcb_post_title\" data-shortcode-name=\"Post title\" data-extra_key=\"\" data-attr-link=\"1\" data-attr-target=\"0\" data-attr-rel=\"0\" data-option-inline=\"1\" data-attr-static-link=\"{&quot;className&quot;:&quot;&quot;,&quot;href&quot;:&quot;https:\/\/liveyacht.fr\/it\/come-scegliere-unimpresa-di-pulizia-di-barche-affidabile-ed-efficiente\/&quot;,&quot;title&quot;:&quot;Come scegliere un\u2019impresa di pulizia di barche affidabile ed efficiente&quot;,&quot;class&quot;:&quot;&quot;}\" data-attr-css=\"\"><a href=\"https:\/\/liveyacht.fr\/it\/come-far-revisionare-la-propria-barca-a-cannes\/\" title=\"Come far revisionare la propria barca a Cannes\" data-css=\"\">Come far revisionare la propria barca a Cannes<\/a><\/span><\/h2>\n<p><a href=\"https:\/\/liveyacht.fr\/it\/come-far-revisionare-la-mia-barca-a-golfe-juan\/\" dynamic-postlink=\"tcb_post_the_permalink\" data-shortcode-id=\"3608\"><\/a><\/p>\n<h2><span data-shortcode=\"tcb_post_title\" data-shortcode-name=\"Post title\" data-extra_key=\"\" data-attr-link=\"1\" data-attr-target=\"0\" data-attr-rel=\"0\" data-option-inline=\"1\" data-attr-static-link=\"{&quot;className&quot;:&quot;&quot;,&quot;href&quot;:&quot;https:\/\/liveyacht.fr\/it\/come-scegliere-unimpresa-di-pulizia-di-barche-affidabile-ed-efficiente\/&quot;,&quot;title&quot;:&quot;Come scegliere un\u2019impresa di pulizia di barche affidabile ed efficiente&quot;,&quot;class&quot;:&quot;&quot;}\" data-attr-css=\"\"><a href=\"https:\/\/liveyacht.fr\/it\/come-far-revisionare-la-mia-barca-a-golfe-juan\/\" title=\"Come far revisionare la mia barca a Golfe-juan\" data-css=\"\">Come far revisionare la mia barca a Golfe-juan<\/a><\/span><\/h2>\n<p><a href=\"https:\/\/liveyacht.fr\/it\/come-posso-far-revisionare-la-mia-barca-a-mandelieu\/\" dynamic-postlink=\"tcb_post_the_permalink\" data-shortcode-id=\"3608\"><\/a><\/p>\n<h2><span data-shortcode=\"tcb_post_title\" data-shortcode-name=\"Post title\" data-extra_key=\"\" data-attr-link=\"1\" data-attr-target=\"0\" data-attr-rel=\"0\" data-option-inline=\"1\" data-attr-static-link=\"{&quot;className&quot;:&quot;&quot;,&quot;href&quot;:&quot;https:\/\/liveyacht.fr\/it\/come-scegliere-unimpresa-di-pulizia-di-barche-affidabile-ed-efficiente\/&quot;,&quot;title&quot;:&quot;Come scegliere un\u2019impresa di pulizia di barche affidabile ed efficiente&quot;,&quot;class&quot;:&quot;&quot;}\" data-attr-css=\"\"><a href=\"https:\/\/liveyacht.fr\/it\/come-posso-far-revisionare-la-mia-barca-a-mandelieu\/\" title=\"Come posso far revisionare la mia barca a Mandelieu?\" data-css=\"\">Come posso far revisionare la mia barca a Mandelieu?<\/a><\/span><\/h2>\n<p><a href=\"https:\/\/liveyacht.fr\/it\/come-far-revisionare-la-mia-barca-a-villeneuve-loubet\/\" dynamic-postlink=\"tcb_post_the_permalink\" data-shortcode-id=\"3608\"><\/a><\/p>\n<h2><span data-shortcode=\"tcb_post_title\" data-shortcode-name=\"Post title\" data-extra_key=\"\" data-attr-link=\"1\" data-attr-target=\"0\" data-attr-rel=\"0\" data-option-inline=\"1\" data-attr-static-link=\"{&quot;className&quot;:&quot;&quot;,&quot;href&quot;:&quot;https:\/\/liveyacht.fr\/it\/come-scegliere-unimpresa-di-pulizia-di-barche-affidabile-ed-efficiente\/&quot;,&quot;title&quot;:&quot;Come scegliere un\u2019impresa di pulizia di barche affidabile ed efficiente&quot;,&quot;class&quot;:&quot;&quot;}\" data-attr-css=\"\"><a href=\"https:\/\/liveyacht.fr\/it\/come-far-revisionare-la-mia-barca-a-villeneuve-loubet\/\" title=\"Come far revisionare la mia barca a Villeneuve-loubet\" data-css=\"\">Come far revisionare la mia barca a Villeneuve-loubet<\/a><\/span><\/h2>\n","protected":false},"excerpt":{"rendered":"<p>Iscriviti a Tranquillit\u00e0 Forniamo servizi affidabili ai proprietari di barche attenti.Offriamo piani di manutenzione tramite un sistema di abbonamento per aiutarti a goderti davvero la tua barca e non preoccuparti dei problemi di manutenzione COSA FACCIAMO? PERCH\u00c9? TESTIMONIANZE ABBONAMENTI COSA FACCIAMO? La tua barca sempre pronta a partire, tutto l&#8217;anno, senza pensieri Ti aiutiamo a [&hellip;]<\/p>\n","protected":false},"author":1,"featured_media":29624,"parent":0,"menu_order":0,"comment_status":"closed","ping_status":"closed","template":"","meta":{"footnotes":""},"class_list":["post-29706","page","type-page","status-publish","has-post-thumbnail","hentry"],"yoast_head":"<!-- This site is optimized with the Yoast SEO plugin v27.1.1 - https:\/\/yoast.com\/product\/yoast-seo-wordpress\/ -->\n<title>LiveYacht, Manutenzione della barca in abbonamento - LiveYacht<\/title>\n<meta name=\"description\" content=\"LiveYacht vi aiuta a mantenere la vostra imbarcazione con un budget limitato grazie agli abbonamenti e vi offre la massima tranquillit\u00e0 con il monitoraggio LIVE.\" \/>\n<meta name=\"robots\" content=\"index, follow, max-snippet:-1, max-image-preview:large, max-video-preview:-1\" \/>\n<link rel=\"canonical\" href=\"https:\/\/liveyacht.fr\/it\/\" \/>\n<meta property=\"og:locale\" content=\"it_IT\" \/>\n<meta property=\"og:type\" content=\"article\" \/>\n<meta property=\"og:title\" content=\"LiveYacht, Manutenzione della barca in abbonamento - LiveYacht\" \/>\n<meta property=\"og:description\" content=\"LiveYacht vi aiuta a mantenere la vostra imbarcazione con un budget limitato grazie agli abbonamenti e vi offre la massima tranquillit\u00e0 con il monitoraggio LIVE.\" \/>\n<meta property=\"og:url\" content=\"https:\/\/liveyacht.fr\/it\/\" \/>\n<meta property=\"og:site_name\" content=\"LiveYacht\" \/>\n<meta property=\"article:modified_time\" content=\"2024-05-05T05:17:31+00:00\" \/>\n<meta property=\"og:image\" content=\"https:\/\/liveyacht.fr\/wp-content\/uploads\/2022\/11\/LIVEYACHT-LOGO-COULEUR2.png\" \/>\n\t<meta property=\"og:image:width\" content=\"1500\" \/>\n\t<meta property=\"og:image:height\" content=\"1362\" \/>\n\t<meta property=\"og:image:type\" content=\"image\/png\" \/>\n<meta name=\"twitter:card\" content=\"summary_large_image\" \/>\n<meta name=\"twitter:label1\" content=\"Est. reading time\" \/>\n\t<meta name=\"twitter:data1\" content=\"3 minutes\" \/>\n<script type=\"application\/ld+json\" class=\"yoast-schema-graph\">{\"@context\":\"https:\/\/schema.org\",\"@graph\":[{\"@type\":\"WebPage\",\"@id\":\"https:\/\/liveyacht.fr\/it\/\",\"url\":\"https:\/\/liveyacht.fr\/it\/\",\"name\":\"LiveYacht, Manutenzione della barca in abbonamento - LiveYacht\",\"isPartOf\":{\"@id\":\"https:\/\/liveyacht.fr\/it\/#website\"},\"primaryImageOfPage\":{\"@id\":\"https:\/\/liveyacht.fr\/it\/#primaryimage\"},\"image\":{\"@id\":\"https:\/\/liveyacht.fr\/it\/#primaryimage\"},\"thumbnailUrl\":\"https:\/\/liveyacht.fr\/wp-content\/uploads\/2022\/11\/LIVEYACHT-LOGO-COULEUR2.png\",\"datePublished\":\"2022-10-29T21:57:11+00:00\",\"dateModified\":\"2024-05-05T05:17:31+00:00\",\"description\":\"LiveYacht vi aiuta a mantenere la vostra imbarcazione con un budget limitato grazie agli abbonamenti e vi offre la massima tranquillit\u00e0 con il monitoraggio LIVE.\",\"breadcrumb\":{\"@id\":\"https:\/\/liveyacht.fr\/it\/#breadcrumb\"},\"inLanguage\":\"it-IT\",\"potentialAction\":[{\"@type\":\"ReadAction\",\"target\":[\"https:\/\/liveyacht.fr\/it\/\"]}]},{\"@type\":\"ImageObject\",\"inLanguage\":\"it-IT\",\"@id\":\"https:\/\/liveyacht.fr\/it\/#primaryimage\",\"url\":\"https:\/\/liveyacht.fr\/wp-content\/uploads\/2022\/11\/LIVEYACHT-LOGO-COULEUR2.png\",\"contentUrl\":\"https:\/\/liveyacht.fr\/wp-content\/uploads\/2022\/11\/LIVEYACHT-LOGO-COULEUR2.png\",\"width\":1500,\"height\":1362},{\"@type\":\"BreadcrumbList\",\"@id\":\"https:\/\/liveyacht.fr\/it\/#breadcrumb\",\"itemListElement\":[{\"@type\":\"ListItem\",\"position\":1,\"name\":\"Accueil\",\"item\":\"https:\/\/liveyacht.fr\/it\/\"},{\"@type\":\"ListItem\",\"position\":2,\"name\":\"LiveYacht, Manutenzione della barca in abbonamento\"}]},{\"@type\":\"WebSite\",\"@id\":\"https:\/\/liveyacht.fr\/it\/#website\",\"url\":\"https:\/\/liveyacht.fr\/it\/\",\"name\":\"LiveYacht\",\"description\":\"L&#039;entretien de bateau par abonnement\",\"publisher\":{\"@id\":\"https:\/\/liveyacht.fr\/it\/#organization\"},\"potentialAction\":[{\"@type\":\"SearchAction\",\"target\":{\"@type\":\"EntryPoint\",\"urlTemplate\":\"https:\/\/liveyacht.fr\/it\/?s={search_term_string}\"},\"query-input\":{\"@type\":\"PropertyValueSpecification\",\"valueRequired\":true,\"valueName\":\"search_term_string\"}}],\"inLanguage\":\"it-IT\"},{\"@type\":\"Organization\",\"@id\":\"https:\/\/liveyacht.fr\/it\/#organization\",\"name\":\"LiveYacht\",\"url\":\"https:\/\/liveyacht.fr\/it\/\",\"logo\":{\"@type\":\"ImageObject\",\"inLanguage\":\"it-IT\",\"@id\":\"https:\/\/liveyacht.fr\/it\/#\/schema\/logo\/image\/\",\"url\":\"https:\/\/liveyacht.fr\/wp-content\/uploads\/2025\/02\/LIVEYACHT-LOGO-COULEUR2.png\",\"contentUrl\":\"https:\/\/liveyacht.fr\/wp-content\/uploads\/2025\/02\/LIVEYACHT-LOGO-COULEUR2.png\",\"width\":1500,\"height\":1362,\"caption\":\"LiveYacht\"},\"image\":{\"@id\":\"https:\/\/liveyacht.fr\/it\/#\/schema\/logo\/image\/\"}}]}<\/script>\n<!-- \/ Yoast SEO plugin. -->","yoast_head_json":{"title":"LiveYacht, Manutenzione della barca in abbonamento - LiveYacht","description":"LiveYacht vi aiuta a mantenere la vostra imbarcazione con un budget limitato grazie agli abbonamenti e vi offre la massima tranquillit\u00e0 con il monitoraggio LIVE.","robots":{"index":"index","follow":"follow","max-snippet":"max-snippet:-1","max-image-preview":"max-image-preview:large","max-video-preview":"max-video-preview:-1"},"canonical":"https:\/\/liveyacht.fr\/it\/","og_locale":"it_IT","og_type":"article","og_title":"LiveYacht, Manutenzione della barca in abbonamento - LiveYacht","og_description":"LiveYacht vi aiuta a mantenere la vostra imbarcazione con un budget limitato grazie agli abbonamenti e vi offre la massima tranquillit\u00e0 con il monitoraggio LIVE.","og_url":"https:\/\/liveyacht.fr\/it\/","og_site_name":"LiveYacht","article_modified_time":"2024-05-05T05:17:31+00:00","og_image":[{"width":1500,"height":1362,"url":"https:\/\/liveyacht.fr\/wp-content\/uploads\/2022\/11\/LIVEYACHT-LOGO-COULEUR2.png","type":"image\/png"}],"twitter_card":"summary_large_image","twitter_misc":{"Est. reading time":"3 minutes"},"schema":{"@context":"https:\/\/schema.org","@graph":[{"@type":"WebPage","@id":"https:\/\/liveyacht.fr\/it\/","url":"https:\/\/liveyacht.fr\/it\/","name":"LiveYacht, Manutenzione della barca in abbonamento - LiveYacht","isPartOf":{"@id":"https:\/\/liveyacht.fr\/it\/#website"},"primaryImageOfPage":{"@id":"https:\/\/liveyacht.fr\/it\/#primaryimage"},"image":{"@id":"https:\/\/liveyacht.fr\/it\/#primaryimage"},"thumbnailUrl":"https:\/\/liveyacht.fr\/wp-content\/uploads\/2022\/11\/LIVEYACHT-LOGO-COULEUR2.png","datePublished":"2022-10-29T21:57:11+00:00","dateModified":"2024-05-05T05:17:31+00:00","description":"LiveYacht vi aiuta a mantenere la vostra imbarcazione con un budget limitato grazie agli abbonamenti e vi offre la massima tranquillit\u00e0 con il monitoraggio LIVE.","breadcrumb":{"@id":"https:\/\/liveyacht.fr\/it\/#breadcrumb"},"inLanguage":"it-IT","potentialAction":[{"@type":"ReadAction","target":["https:\/\/liveyacht.fr\/it\/"]}]},{"@type":"ImageObject","inLanguage":"it-IT","@id":"https:\/\/liveyacht.fr\/it\/#primaryimage","url":"https:\/\/liveyacht.fr\/wp-content\/uploads\/2022\/11\/LIVEYACHT-LOGO-COULEUR2.png","contentUrl":"https:\/\/liveyacht.fr\/wp-content\/uploads\/2022\/11\/LIVEYACHT-LOGO-COULEUR2.png","width":1500,"height":1362},{"@type":"BreadcrumbList","@id":"https:\/\/liveyacht.fr\/it\/#breadcrumb","itemListElement":[{"@type":"ListItem","position":1,"name":"Accueil","item":"https:\/\/liveyacht.fr\/it\/"},{"@type":"ListItem","position":2,"name":"LiveYacht, Manutenzione della barca in abbonamento"}]},{"@type":"WebSite","@id":"https:\/\/liveyacht.fr\/it\/#website","url":"https:\/\/liveyacht.fr\/it\/","name":"LiveYacht","description":"L&#039;entretien de bateau par abonnement","publisher":{"@id":"https:\/\/liveyacht.fr\/it\/#organization"},"potentialAction":[{"@type":"SearchAction","target":{"@type":"EntryPoint","urlTemplate":"https:\/\/liveyacht.fr\/it\/?s={search_term_string}"},"query-input":{"@type":"PropertyValueSpecification","valueRequired":true,"valueName":"search_term_string"}}],"inLanguage":"it-IT"},{"@type":"Organization","@id":"https:\/\/liveyacht.fr\/it\/#organization","name":"LiveYacht","url":"https:\/\/liveyacht.fr\/it\/","logo":{"@type":"ImageObject","inLanguage":"it-IT","@id":"https:\/\/liveyacht.fr\/it\/#\/schema\/logo\/image\/","url":"https:\/\/liveyacht.fr\/wp-content\/uploads\/2025\/02\/LIVEYACHT-LOGO-COULEUR2.png","contentUrl":"https:\/\/liveyacht.fr\/wp-content\/uploads\/2025\/02\/LIVEYACHT-LOGO-COULEUR2.png","width":1500,"height":1362,"caption":"LiveYacht"},"image":{"@id":"https:\/\/liveyacht.fr\/it\/#\/schema\/logo\/image\/"}}]}},"_links":{"self":[{"href":"https:\/\/liveyacht.fr\/it\/wp-json\/wp\/v2\/pages\/29706","targetHints":{"allow":["GET"]}}],"collection":[{"href":"https:\/\/liveyacht.fr\/it\/wp-json\/wp\/v2\/pages"}],"about":[{"href":"https:\/\/liveyacht.fr\/it\/wp-json\/wp\/v2\/types\/page"}],"author":[{"embeddable":true,"href":"https:\/\/liveyacht.fr\/it\/wp-json\/wp\/v2\/users\/1"}],"replies":[{"embeddable":true,"href":"https:\/\/liveyacht.fr\/it\/wp-json\/wp\/v2\/comments?post=29706"}],"version-history":[{"count":5,"href":"https:\/\/liveyacht.fr\/it\/wp-json\/wp\/v2\/pages\/29706\/revisions"}],"predecessor-version":[{"id":31496,"href":"https:\/\/liveyacht.fr\/it\/wp-json\/wp\/v2\/pages\/29706\/revisions\/31496"}],"wp:featuredmedia":[{"embeddable":true,"href":"https:\/\/liveyacht.fr\/it\/wp-json\/wp\/v2\/media\/29624"}],"wp:attachment":[{"href":"https:\/\/liveyacht.fr\/it\/wp-json\/wp\/v2\/media?parent=29706"}],"curies":[{"name":"wp","href":"https:\/\/api.w.org\/{rel}","templated":true}]}}