{"id":29692,"date":"2022-11-09T07:56:03","date_gmt":"2022-11-09T06:56:03","guid":{"rendered":"https:\/\/liveyacht.fr\/chi-siamo\/"},"modified":"2023-02-04T08:24:55","modified_gmt":"2023-02-04T07:24:55","slug":"chi-siamo","status":"publish","type":"page","link":"https:\/\/liveyacht.fr\/it\/chi-siamo\/","title":{"rendered":"Chi siamo"},"content":{"rendered":"<p>Ogni proprietario di una barca ha avuto una brutta sorpresa&nbsp;: una barca sporca perch\u00e9 non \u00e8 stata usata per mesi, la comparsa di muffa all&#8217;esterno della selleria, l&#8217;acciaio inox che arrugginisce, un motore che si rifiuta di avviarsi, acqua nelle sentine&#8230;<\/p>\n<p>Questi problemi si verificano soprattutto quando si vive lontano dalla barca e non si pu\u00f2 andare regolarmente a pulirla e a controllare che tutto sia a posto.<\/p>\n<p>Oggi, con Master Yacht Services, non sono pi\u00f9 un&#8217;inevitabilit\u00e0&nbsp;! Grazie al nostro servizio di manutenzione in abbonamento, gli armatori possono essere certi che la loro barca sar\u00e0 sempre pulita e pronta a partire, in qualsiasi stagione.<\/p>\n<p>Puntando su fiducia, qualit\u00e0 e rigore, Master Yacht Services \u00e8 diventato un punto di riferimento in Costa Azzurra. Oggi il nostro modello si sta espandendo in tutta la Francia con la nostra rete LiveYacht.<\/p>\n<p>Qualunque sia l&#8217;agenzia a cui i nostri clienti si rivolgono, possono essere certi di beneficiare degli elevati standard per cui Master Yacht Services \u00e8 rinomata.<\/p>\n<p>Offriamo inoltre una soluzione innovativa per mantenere un legame permanente con la propria imbarcazione, anche se si trova a centinaia di chilometri di distanza da casa.&nbsp;La nostra applicazione mobile, collegata ai sensori presenti sulle imbarcazioni, \u00e8 un vero e proprio angelo custode che avvisa i nostri team e i clienti in caso di danni.<\/p>\n<p>Con LiveYacht, navigare diventa davvero sinonimo di libert\u00e0!<\/p>\n<h2><strong>Una barca sempre pronta a partire grazie a un partner di fiducia<\/strong><\/h2>\n<h3><strong>Una cultura dell&#8217;eccellenza<\/strong><\/h3>\n<p>LiveYacht \u00e8 un servizio di manutenzione e assistenza alle imbarcazioni con abbonamento mensile. Include tutta la manutenzione dell&#8217;imbarcazione: controlli tecnici regolari, pulizia, carenaggio, rinnovo del gelcoat e della vernice e manutenzione del motore. Include anche il monitoraggio elettronico delle imbarcazioni, grazie a un box collegato e a un&#8217;applicazione che avvisa tecnici e proprietari in caso di problemi.<\/p>\n<p>Questo servizio \u00e8 rivolto ai proprietari che vivono lontano dal luogo in cui \u00e8 ormeggiata la loro imbarcazione e che non possono recarsi regolarmente in loco per prendersi cura della loro barca.<\/p>\n<p>LiveYacht offre loro una preziosa tranquillit\u00e0: grazie alle visite regolari dei tecnici dell&#8217;azienda, le loro imbarcazioni sono sempre pulite e funzionanti.<\/p>\n<p>I servizi di LiveYacht si rivolgono anche a professionisti, come concessionari di barche, rivenditori e societ\u00e0 di charter che desiderano esternalizzare la gestione e la manutenzione della propria flotta.<\/p>\n<p>Grazie al suo rigore e alla sua esperienza, Master Yacht Services, ora LiveYacht, \u00e8 un punto di riferimento nella manutenzione delle imbarcazioni in Costa Azzurra.<\/p>\n<p>In risposta alla richiesta di molti armatori, abbiamo lanciato la rete LiveYacht, costruita sullo stesso modello di Master Yacht Services e destinata a diffondersi in tutta la Francia.<\/p>\n<h3><strong>Un&#8217;applicazione per seguire la vostra barca a distanza<\/strong><\/h3>\n<p>LiveYacht consente ai suoi clienti di monitorare la manutenzione della propria imbarcazione da remoto attraverso un&#8217;innovativa applicazione mobile. In questo modo \u00e8 possibile sapere quando inizia e quando finisce un servizio e trovare una storia completa della propria imbarcazione.<\/p>\n<p>Con questa applicazione, i tecnici di&nbsp;LiveYacht possono seguire processi molto precisi, controllando ogni voce della lista di controllo incorporata. Questo garantisce la perfetta esecuzione dei vari servizi ordinati dai clienti&nbsp;: tutto \u00e8 sistematizzato e ogni armatore \u00e8 sicuro di godere dei servizi per i quali ha pagato.<\/p>\n<p>Quando un rapporto viene pubblicato da LiveYacht, i proprietari vengono avvisati. Gli avvisi segnalano anche le azioni da intraprendere&nbsp;: ad esempio, quando sono passati due anni dall&#8217;ultima revisione del motore, viene segnalato che \u00e8 giunto il momento di farne una nuova.<\/p>\n<p>L&#8217;applicazione offre anche una componente di monitoraggio, grazie alle centraline elettroniche installate da LiveYacht in ogni imbarcazione dei suoi clienti. Le scatole trasmettono i dati dell&#8217;imbarcazione in tempo reale: tensione della batteria, movimento dell&#8217;imbarcazione, presenza di acqua nella stiva, interruzione dell&#8217;alimentazione da terra, ecc.<\/p>\n<p>Quando si verifica un problema, l&#8217;applicazione invia un avviso al proprietario e al team locale di LiveYacht, che pu\u00f2 rispondere rapidamente.<\/p>\n<h3><strong>Abbonamenti personalizzabili&nbsp;<\/strong><\/h3>\n<p>LiveYacht by Master Yacht Services offre abbonamenti a&nbsp;, che possono essere personalizzati con servizi aggiuntivi. Di seguito sono riportati alcuni esempi:<\/p>\n<ul>\n<li><strong>Il Piano Base&nbsp;:<\/strong> sei ispezioni tecniche all&#8217;anno, un programma di manutenzione e un sistema di monitoraggio elettronico a distanza. Prezzo&nbsp;: a partire da 60 euro al mese.<\/li>\n<li><strong>Il Piano di lavaggio&nbsp;:<\/strong> un&#8217;ispezione tecnica e una pulizia esterna al mese, un programma di manutenzione e un sistema elettronico di monitoraggio remoto dell&#8217;imbarcazione. Prezzo&nbsp;: a partire da 99 euro al mese.<\/li>\n<li><strong>Il Piano Premium&nbsp;:<\/strong> un&#8217;ispezione tecnica e una pulizia esterna al mese, un programma di manutenzione, una lucidatura dell&#8217;imbarcazione all&#8217;anno, una carenatura all&#8217;anno e un box elettronico per il monitoraggio a distanza dell&#8217;imbarcazione. Prezzo&nbsp;: da 179 euro al mese.<\/li>\n<\/ul>\n<p>LiveYacht fornisce anche servizi esclusivi di concierge privato su richiesta dei suoi abbonati, come la gestione della biancheria di bordo, la consegna della spesa e dell&#8217;attrezzatura nautica, la prenotazione di posti barca e ristoranti, il trasferimento dell&#8217;imbarcazione e l&#8217;assistenza all&#8217;uso e alla manutenzione della barca.<\/p>\n<h3><strong>I vantaggi di&nbsp;LiveYacht by Master Yacht Services<\/strong><\/h3>\n<ul>\n<li><strong>Servizi di altissima qualit\u00e0<\/strong>. Master Yacht Services si dedica esclusivamente all&#8217;assistenza e alla manutenzione delle imbarcazioni. L&#8217;azienda punta sul suo know-how, che le consente di offrire servizi di altissima qualit\u00e0. Il DNA di LiveYacht Master Yacht Services \u00e8 la qualit\u00e0 premium &nbsp;e il rigore che deriva dall&#8217;esperienza nella nautica di lusso del suo fondatore, applicato a tutti i tipi di imbarcazioni.<\/li>\n<li><strong>Un unico punto di contatto<\/strong>. I proprietari hanno un solo referente per la manutenzione della loro imbarcazione. Non hanno pi\u00f9 bisogno di passare ore al telefono o di inviare molteplici e-mail per organizzare il lavoro&nbsp;:&nbsp;LiveYacht si occupa di tutto.<\/li>\n<li><strong>Un bilancio controllato<\/strong>. I proprietari conoscono in anticipo il budget necessario per la manutenzione dell&#8217;imbarcazione&nbsp;: non ci sono sorprese e le spese sono distribuite nell&#8217;arco dell&#8217;anno.<\/li>\n<li><strong>Una grande attenzione a<\/strong>&nbsp;<strong>dettaglio<\/strong>. Per LiveYacht by Master Yacht Services, la pulizia di una barca non \u00e8 solo &#8221;&nbsp;spazzola&nbsp;&#8220;. In quanto esperta di detailing, l&#8217;azienda ha sviluppato una procedura di pulizia completa e rigorosa, che pu\u00f2 essere adattata alle esigenze di ogni imbarcazione. La lista di controllo di base \u00e8 composta da 20 punti da verificare. Durante le visite, i tecnici di Master Yacht Services non lasciano nulla al caso&nbsp;: ispezionano e avviano i motori e il dissalatore, spiegano e asciugano le vele, controllano le&nbsp;sentine&nbsp;e le valvole passanti, e riparano ci\u00f2 che deve essere riparato.<\/li>\n<li><strong>Trasparenza totale<\/strong>. Dopo ogni visita, i proprietari ricevono un rapporto scritto via e-mail o WhatsApp, a seconda delle loro preferenze, oltre che sull&#8217;app mobile. Il rapporto contiene foto e video dell&#8217;imbarcazione, nonch\u00e9 una copia della lista di controllo completata e le eventuali raccomandazioni o problemi riscontrati.<\/li>\n<li><strong>Un servizio multilingue<\/strong>. Nonostante il nome in inglese, che \u00e8 la lingua della nautica, il team di Master Yacht Services parla francese. Sono inoltre in grado di comunicare con i loro clienti in inglese e in italiano.<\/li>\n<\/ul>\n<h2><strong>LiveYacht: una rete costruita sul modello Master Yacht Services<\/strong><\/h2>\n<p>La rete LiveYacht \u00e8 nata nel 2022, dal desiderio di diffondere il modello Master Yacht Services in tutta la Francia. Le sue prime filiali si trovano a Tolone nel Var, a Beaulieu sur Mer (06) e la filiale storica nella zona di Cannes-Antibes nelle Alpi Marittime.<\/p>\n<p>Come Master Yacht Services, LiveYacht offre abbonamenti mensili che includono la manutenzione e la cura della barca, con visite mensili e quindicinali. Le agenzie della rete utilizzano la stessa metodologia di Master Yacht Services e la stessa applicazione di monitoraggio remoto delle imbarcazioni.<\/p>\n<p>Questo garantisce che i clienti di LiveYacht ricevano la stessa qualit\u00e0 di servizio, indipendentemente dall&#8217;agenzia a cui si rivolgono.<\/p>\n<h2><strong>Testimonianze dei clienti<\/strong><\/h2>\n<p>LiveYacht by Master Yacht Services gode di un&#8217;ottima reputazione <a href=\"https:\/\/liveyacht.fr\/it\/testimonianze-dei-clienti\/\" rel=\"noopener\" target=\"_blank\">tra i suoi clienti<\/a>, che parlano bene dell&#8217;azienda&nbsp;:<\/p>\n<p>&#8220;Servizio eccellente e costi molto ragionevoli. Florian mi offre una grande flessibilit\u00e0 per utilizzare la mia barca quando voglio e so che tutte le attivit\u00e0 di pulizia e manutenzione sono curate&#8221;. Ian Brook, Sun Odyssey 42 DS<\/p>\n<p>&#8221;&nbsp;Ottimo servizio, ottima comunicazione e grande disponibilit\u00e0, da consigliare.&nbsp;&#8221; Dominique Fabiani, Regal 210 Bowrider<\/p>\n<p>&#8221;&nbsp;Ottimo servizio&#8230; Master Boat viene ogni mese a pulire e gestire la mia barca&#8230; Cos\u00ec \u00e8 sempre pronto per una bella giornata in mare&#8230; Affidate quindi la vostra barca a Master Yacht, sarete certi che sar\u00e0 sempre pronta a navigare&#8230;&nbsp;&#8221; Yann Moaligou, Sea Ray 210 Sport<\/p>\n<p>&#8221;&nbsp;Servizio eccellente a prezzi molto ragionevoli! Ho fatto realizzare una protezione nano sulla mia barca, \u00e8 bellissima! Grazie&#8230;&nbsp;&#8221; Franck Chantereau, Beneteau GT38<\/p>\n<p>&#8221;&nbsp;apprezzo i servizi di Master Yacht che mi permettono di avere una barca in perfette condizioni e di godermi il tempo in acqua. Vivendo lontano, sono felice di aver trovato in Florian una persona di cui fidarmi.&nbsp;&#8220;Frank Aranzana, Grand Soleil 47<\/p>\n<p>&#8220;Professionalit\u00e0, disponibilit\u00e0 e gentilezza. Florian si prende cura della mia barca da oltre un anno ed \u00e8 un piacere trovare la sua barca pulita, curata e pronta a navigare. Non esitate a fidarvi di lui. Dominique Lallouette, Jeanneau Leader 33<\/p>\n<h2><strong>Un servizio innovativo creato da un esperto di nautica<\/strong><\/h2>\n<h3><strong>Nascita di Master Yacht Services<\/strong><\/h3>\n<p>Appassionato di mare e di barche, Florian Arneodo ha iniziato a lavorare nel mondo della nautica nel 2001. Per dieci anni \u00e8 stato marinaio e poi capitano su yacht di lusso nel Mediterraneo, nelle Indie Occidentali e in Florida, mentre si formava&nbsp;Ha ottenuto un certificato di iniziazione nautica e un certificato di Yacht Master 200 presso il centro di formazione marittima Inseit di Nizza e ha completato un corso MCA Master of Yacht 200 presso l&#8217;organizzazione International Yachtmaster Training in Florida.<\/p>\n<p>Nel 2010, lo yacht su cui era capitano \u00e8 stato venduto e Florian \u00e8 tornato nella sua regione natale per mettere su famiglia. Ha quindi iniziato una riconversione professionale per creare una propria azienda, un desiderio che aveva gi\u00e0 da diversi anni.<\/p>\n<p>Anche se non vuole pi\u00f9 solcare i mari, Florian non ha rinunciato alla sua passione. Dopo aver notato che non esistevano servizi di manutenzione e gestione delle imbarcazioni di alto livello, nel settembre 2010 ha fondato Master Yacht Services.<\/p>\n<p><strong>Da Master Yacht Services a LiveYacht<\/strong><\/p>\n<p>Master Yacht Services \u00e8 cresciuta rapidamente grazie al passaparola, diventando &#8221;&nbsp;la&nbsp;&#8221; un buon indirizzo che gli armatori si raccomandano a vicenda, in Costa Azzurra e non solo. Oggi la societ\u00e0 controlla le imbarcazioni di oltre cento clienti, due terzi dei quali possiedono barche a vela, in una quindicina di porti delle Alpi Marittime.<\/p>\n<p>Costruttori prestigiosi come Boston Whaler, Evo Yachts, Riviera, Sea Ray, Swan e Sunreef e Maiora, tra gli altri, hanno riposto la loro fiducia nell&#8217;azienda durante i saloni nautici (Cannes, Monaco e Genova).<\/p>\n<p>La reputazione di eccellenza di Master Yacht Services \u00e8 tale che l&#8217;azienda viene contattata da persone che desiderano usufruire dei suoi servizi, ma le cui imbarcazioni sono ormeggiate al di fuori della sua area operativa.<\/p>\n<p>Dopo aver parlato della possibile creazione di una rete in una rivista, Florian \u00e8 stato contattato da persone pronte a implementare il concetto nella loro regione. \u00c8 cos\u00ec che ha deciso di creare la rete di agenzie LiveYacht.<\/p>\n<p>La rete LiveYacht \u00e8 ora aperta alle candidature degli appassionati di nautica che desiderano farne parte. L&#8217;obiettivo \u00e8 ora quello di estenderlo a livello nazionale, in modo che entro il 2027 possa soddisfare le esigenze di tutti i diportisti le cui imbarcazioni sono ormeggiate in un porto francese. Florian Arneodo vorrebbe estendere la sua offerta anche all&#8217;Italia e alla Spagna nel medio termine.<\/p>\n","protected":false},"excerpt":{"rendered":"<p>Ogni proprietario di una barca ha avuto una brutta sorpresa&nbsp;: una barca sporca perch\u00e9 non \u00e8 stata usata per mesi, la comparsa di muffa all&#8217;esterno della selleria, l&#8217;acciaio inox che arrugginisce, un motore che si rifiuta di avviarsi, acqua nelle sentine&#8230; Questi problemi si verificano soprattutto quando si vive lontano dalla barca e non si [&hellip;]<\/p>\n","protected":false},"author":1,"featured_media":29626,"parent":0,"menu_order":0,"comment_status":"closed","ping_status":"closed","template":"","meta":{"footnotes":""},"class_list":["post-29692","page","type-page","status-publish","has-post-thumbnail","hentry"],"yoast_head":"<!-- This site is optimized with the Yoast SEO plugin v27.1.1 - https:\/\/yoast.com\/product\/yoast-seo-wordpress\/ -->\n<title>Chi siamo - LiveYacht<\/title>\n<meta name=\"robots\" content=\"index, follow, max-snippet:-1, max-image-preview:large, max-video-preview:-1\" \/>\n<link rel=\"canonical\" href=\"https:\/\/liveyacht.fr\/it\/chi-siamo\/\" \/>\n<meta property=\"og:locale\" content=\"it_IT\" \/>\n<meta property=\"og:type\" content=\"article\" \/>\n<meta property=\"og:title\" content=\"Chi siamo - LiveYacht\" \/>\n<meta property=\"og:description\" content=\"Ogni proprietario di una barca ha avuto una brutta sorpresa&nbsp;: una barca sporca perch\u00e9 non \u00e8 stata usata per mesi, la comparsa di muffa all&#8217;esterno della selleria, l&#8217;acciaio inox che arrugginisce, un motore che si rifiuta di avviarsi, acqua nelle sentine&#8230; Questi problemi si verificano soprattutto quando si vive lontano dalla barca e non si [&hellip;]\" \/>\n<meta property=\"og:url\" content=\"https:\/\/liveyacht.fr\/it\/chi-siamo\/\" \/>\n<meta property=\"og:site_name\" content=\"LiveYacht\" \/>\n<meta property=\"article:modified_time\" content=\"2023-02-04T07:24:55+00:00\" \/>\n<meta property=\"og:image\" content=\"https:\/\/liveyacht.fr\/wp-content\/uploads\/2022\/11\/LIVEYACHT-LOGO-COULEUR.png\" \/>\n\t<meta property=\"og:image:width\" content=\"2000\" \/>\n\t<meta property=\"og:image:height\" content=\"487\" \/>\n\t<meta property=\"og:image:type\" content=\"image\/png\" \/>\n<meta name=\"twitter:card\" content=\"summary_large_image\" \/>\n<meta name=\"twitter:label1\" content=\"Est. reading time\" \/>\n\t<meta name=\"twitter:data1\" content=\"9 minutes\" \/>\n<script type=\"application\/ld+json\" class=\"yoast-schema-graph\">{\"@context\":\"https:\/\/schema.org\",\"@graph\":[{\"@type\":\"WebPage\",\"@id\":\"https:\/\/liveyacht.fr\/it\/chi-siamo\/\",\"url\":\"https:\/\/liveyacht.fr\/it\/chi-siamo\/\",\"name\":\"Chi siamo - LiveYacht\",\"isPartOf\":{\"@id\":\"https:\/\/liveyacht.fr\/it\/#website\"},\"primaryImageOfPage\":{\"@id\":\"https:\/\/liveyacht.fr\/it\/chi-siamo\/#primaryimage\"},\"image\":{\"@id\":\"https:\/\/liveyacht.fr\/it\/chi-siamo\/#primaryimage\"},\"thumbnailUrl\":\"https:\/\/liveyacht.fr\/wp-content\/uploads\/2022\/11\/LIVEYACHT-LOGO-COULEUR.png\",\"datePublished\":\"2022-11-09T06:56:03+00:00\",\"dateModified\":\"2023-02-04T07:24:55+00:00\",\"breadcrumb\":{\"@id\":\"https:\/\/liveyacht.fr\/it\/chi-siamo\/#breadcrumb\"},\"inLanguage\":\"it-IT\",\"potentialAction\":[{\"@type\":\"ReadAction\",\"target\":[\"https:\/\/liveyacht.fr\/it\/chi-siamo\/\"]}]},{\"@type\":\"ImageObject\",\"inLanguage\":\"it-IT\",\"@id\":\"https:\/\/liveyacht.fr\/it\/chi-siamo\/#primaryimage\",\"url\":\"https:\/\/liveyacht.fr\/wp-content\/uploads\/2022\/11\/LIVEYACHT-LOGO-COULEUR.png\",\"contentUrl\":\"https:\/\/liveyacht.fr\/wp-content\/uploads\/2022\/11\/LIVEYACHT-LOGO-COULEUR.png\",\"width\":2000,\"height\":487},{\"@type\":\"BreadcrumbList\",\"@id\":\"https:\/\/liveyacht.fr\/it\/chi-siamo\/#breadcrumb\",\"itemListElement\":[{\"@type\":\"ListItem\",\"position\":1,\"name\":\"Accueil\",\"item\":\"https:\/\/liveyacht.fr\/it\/\"},{\"@type\":\"ListItem\",\"position\":2,\"name\":\"Chi siamo\"}]},{\"@type\":\"WebSite\",\"@id\":\"https:\/\/liveyacht.fr\/it\/#website\",\"url\":\"https:\/\/liveyacht.fr\/it\/\",\"name\":\"LiveYacht\",\"description\":\"L&#039;entretien de bateau par abonnement\",\"publisher\":{\"@id\":\"https:\/\/liveyacht.fr\/it\/#organization\"},\"potentialAction\":[{\"@type\":\"SearchAction\",\"target\":{\"@type\":\"EntryPoint\",\"urlTemplate\":\"https:\/\/liveyacht.fr\/it\/?s={search_term_string}\"},\"query-input\":{\"@type\":\"PropertyValueSpecification\",\"valueRequired\":true,\"valueName\":\"search_term_string\"}}],\"inLanguage\":\"it-IT\"},{\"@type\":\"Organization\",\"@id\":\"https:\/\/liveyacht.fr\/it\/#organization\",\"name\":\"LiveYacht\",\"url\":\"https:\/\/liveyacht.fr\/it\/\",\"logo\":{\"@type\":\"ImageObject\",\"inLanguage\":\"it-IT\",\"@id\":\"https:\/\/liveyacht.fr\/it\/#\/schema\/logo\/image\/\",\"url\":\"https:\/\/liveyacht.fr\/wp-content\/uploads\/2025\/02\/LIVEYACHT-LOGO-COULEUR2.png\",\"contentUrl\":\"https:\/\/liveyacht.fr\/wp-content\/uploads\/2025\/02\/LIVEYACHT-LOGO-COULEUR2.png\",\"width\":1500,\"height\":1362,\"caption\":\"LiveYacht\"},\"image\":{\"@id\":\"https:\/\/liveyacht.fr\/it\/#\/schema\/logo\/image\/\"}}]}<\/script>\n<!-- \/ Yoast SEO plugin. -->","yoast_head_json":{"title":"Chi siamo - LiveYacht","robots":{"index":"index","follow":"follow","max-snippet":"max-snippet:-1","max-image-preview":"max-image-preview:large","max-video-preview":"max-video-preview:-1"},"canonical":"https:\/\/liveyacht.fr\/it\/chi-siamo\/","og_locale":"it_IT","og_type":"article","og_title":"Chi siamo - LiveYacht","og_description":"Ogni proprietario di una barca ha avuto una brutta sorpresa&nbsp;: una barca sporca perch\u00e9 non \u00e8 stata usata per mesi, la comparsa di muffa all&#8217;esterno della selleria, l&#8217;acciaio inox che arrugginisce, un motore che si rifiuta di avviarsi, acqua nelle sentine&#8230; Questi problemi si verificano soprattutto quando si vive lontano dalla barca e non si [&hellip;]","og_url":"https:\/\/liveyacht.fr\/it\/chi-siamo\/","og_site_name":"LiveYacht","article_modified_time":"2023-02-04T07:24:55+00:00","og_image":[{"width":2000,"height":487,"url":"https:\/\/liveyacht.fr\/wp-content\/uploads\/2022\/11\/LIVEYACHT-LOGO-COULEUR.png","type":"image\/png"}],"twitter_card":"summary_large_image","twitter_misc":{"Est. reading time":"9 minutes"},"schema":{"@context":"https:\/\/schema.org","@graph":[{"@type":"WebPage","@id":"https:\/\/liveyacht.fr\/it\/chi-siamo\/","url":"https:\/\/liveyacht.fr\/it\/chi-siamo\/","name":"Chi siamo - LiveYacht","isPartOf":{"@id":"https:\/\/liveyacht.fr\/it\/#website"},"primaryImageOfPage":{"@id":"https:\/\/liveyacht.fr\/it\/chi-siamo\/#primaryimage"},"image":{"@id":"https:\/\/liveyacht.fr\/it\/chi-siamo\/#primaryimage"},"thumbnailUrl":"https:\/\/liveyacht.fr\/wp-content\/uploads\/2022\/11\/LIVEYACHT-LOGO-COULEUR.png","datePublished":"2022-11-09T06:56:03+00:00","dateModified":"2023-02-04T07:24:55+00:00","breadcrumb":{"@id":"https:\/\/liveyacht.fr\/it\/chi-siamo\/#breadcrumb"},"inLanguage":"it-IT","potentialAction":[{"@type":"ReadAction","target":["https:\/\/liveyacht.fr\/it\/chi-siamo\/"]}]},{"@type":"ImageObject","inLanguage":"it-IT","@id":"https:\/\/liveyacht.fr\/it\/chi-siamo\/#primaryimage","url":"https:\/\/liveyacht.fr\/wp-content\/uploads\/2022\/11\/LIVEYACHT-LOGO-COULEUR.png","contentUrl":"https:\/\/liveyacht.fr\/wp-content\/uploads\/2022\/11\/LIVEYACHT-LOGO-COULEUR.png","width":2000,"height":487},{"@type":"BreadcrumbList","@id":"https:\/\/liveyacht.fr\/it\/chi-siamo\/#breadcrumb","itemListElement":[{"@type":"ListItem","position":1,"name":"Accueil","item":"https:\/\/liveyacht.fr\/it\/"},{"@type":"ListItem","position":2,"name":"Chi siamo"}]},{"@type":"WebSite","@id":"https:\/\/liveyacht.fr\/it\/#website","url":"https:\/\/liveyacht.fr\/it\/","name":"LiveYacht","description":"L&#039;entretien de bateau par abonnement","publisher":{"@id":"https:\/\/liveyacht.fr\/it\/#organization"},"potentialAction":[{"@type":"SearchAction","target":{"@type":"EntryPoint","urlTemplate":"https:\/\/liveyacht.fr\/it\/?s={search_term_string}"},"query-input":{"@type":"PropertyValueSpecification","valueRequired":true,"valueName":"search_term_string"}}],"inLanguage":"it-IT"},{"@type":"Organization","@id":"https:\/\/liveyacht.fr\/it\/#organization","name":"LiveYacht","url":"https:\/\/liveyacht.fr\/it\/","logo":{"@type":"ImageObject","inLanguage":"it-IT","@id":"https:\/\/liveyacht.fr\/it\/#\/schema\/logo\/image\/","url":"https:\/\/liveyacht.fr\/wp-content\/uploads\/2025\/02\/LIVEYACHT-LOGO-COULEUR2.png","contentUrl":"https:\/\/liveyacht.fr\/wp-content\/uploads\/2025\/02\/LIVEYACHT-LOGO-COULEUR2.png","width":1500,"height":1362,"caption":"LiveYacht"},"image":{"@id":"https:\/\/liveyacht.fr\/it\/#\/schema\/logo\/image\/"}}]}},"_links":{"self":[{"href":"https:\/\/liveyacht.fr\/it\/wp-json\/wp\/v2\/pages\/29692","targetHints":{"allow":["GET"]}}],"collection":[{"href":"https:\/\/liveyacht.fr\/it\/wp-json\/wp\/v2\/pages"}],"about":[{"href":"https:\/\/liveyacht.fr\/it\/wp-json\/wp\/v2\/types\/page"}],"author":[{"embeddable":true,"href":"https:\/\/liveyacht.fr\/it\/wp-json\/wp\/v2\/users\/1"}],"replies":[{"embeddable":true,"href":"https:\/\/liveyacht.fr\/it\/wp-json\/wp\/v2\/comments?post=29692"}],"version-history":[{"count":3,"href":"https:\/\/liveyacht.fr\/it\/wp-json\/wp\/v2\/pages\/29692\/revisions"}],"predecessor-version":[{"id":30423,"href":"https:\/\/liveyacht.fr\/it\/wp-json\/wp\/v2\/pages\/29692\/revisions\/30423"}],"wp:featuredmedia":[{"embeddable":true,"href":"https:\/\/liveyacht.fr\/it\/wp-json\/wp\/v2\/media\/29626"}],"wp:attachment":[{"href":"https:\/\/liveyacht.fr\/it\/wp-json\/wp\/v2\/media?parent=29692"}],"curies":[{"name":"wp","href":"https:\/\/api.w.org\/{rel}","templated":true}]}}